{"id":1565,"date":"2022-01-04T15:41:48","date_gmt":"2022-01-04T15:41:48","guid":{"rendered":"https:\/\/www.dodelft.nl\/?page_id=1565"},"modified":"2022-10-18T08:08:21","modified_gmt":"2022-10-18T08:08:21","slug":"delft-stelt-nooit-teleur","status":"publish","type":"page","link":"https:\/\/www.dodelft.nl\/de\/","title":{"rendered":"Delft entt\u00e4uscht nie!"},"content":{"rendered":"<p>Delft, die Stadt von Blau und Orange ist bunt und historisch. Die Mischung aus Einheimischen, Touristen und Studenten schafft eine gem\u00fctliche Atmosph\u00e4re. W\u00e4hrend eines Spaziergangs durch die gepflasterten Stra\u00dfen, Gassen und H\u00f6fe der Altstadt scheint es als ob der Maler Vermeer und Zeit der historischen Porzellanherstellung wieder zum Leben erweckt seien. In Delft gibt es \u00fcberall Geschichte! Aber wo genau? Das wissen unsere Do DELFT-Touristenf\u00fchrer und sie teilen es gerne mit Ihnen!<\/p>\n\n\n\n<p>Mit Do Delft erleben Sie das echte Delft, so wie Sie es m\u00f6chten. Wir bringen Sie und Ihre Reisegesellschaft zu versteckten Orten. Sie treffen auf prominente Einwohner und erfahren viel \u00fcber unsere besondere Geschichte. Wir \u00fcberraschen Sie mit Spa\u00df, Fakten und einer gesunden Portion Humor. Es spielt keine Rolle ob Sie zum ersten Mal in Delft, oder ein erfahrener Besucher sind. Sie k\u00f6nnen Delft erleben, so wie sie es m\u00f6chten: ob zu Fu\u00df, mit dem Fahrrad, mit dem Roller oder mit dem Boot &#8211; spielerisch mit einer Puzzeltour, kulturell ausgerichtet oder unterwegs von Bar zu Bar. Do Delft organisiert es f\u00fcr Sie!<\/p>\n\n\n\n<p>Suchen Sie nach einer Teambuilding-Aktivit\u00e4t mit Ihren Kollegen, einem Junggesellenfest in Delft, einem besonderen Familienausflug, einem Kinderfest oder einer lustigen Aktivit\u00e4t mit Ihrem Studentenjahrclub?<strong> Do DELFT organisiert es f\u00fcr Sie!<\/strong><\/p>\n\n\n\n<p><\/p>","protected":false},"excerpt":{"rendered":"<p>Delft, die Stadt von Blau und Orange ist bunt und historisch. Die Mischung aus Einheimischen, Touristen und Studenten schafft eine gem\u00fctliche Atmosph\u00e4re. W\u00e4hrend eines Spaziergangs durch die gepflasterten Stra\u00dfen, Gassen <a class=\"more-link\" href=\"https:\/\/www.dodelft.nl\/de\/\">Continue Reading &rarr;<\/a><\/p>\n","protected":false},"author":1,"featured_media":0,"parent":0,"menu_order":0,"comment_status":"closed","ping_status":"closed","template":"","meta":[],"yoast_head":"<!-- This site is optimized with the Yoast SEO plugin v16.0.2 - https:\/\/yoast.com\/wordpress\/plugins\/seo\/ -->\n<title>Delft entt\u00e4uscht nie! - Delft entt\u00e4uscht nie!<\/title>\n<link rel=\"canonical\" href=\"https:\/\/www.dodelft.nl\/en\/\" \/>\n<meta property=\"og:locale\" content=\"de_DE\" \/>\n<meta property=\"og:type\" content=\"article\" \/>\n<meta property=\"og:title\" content=\"Delft entt\u00e4uscht nie! - Delft entt\u00e4uscht nie!\" \/>\n<meta property=\"og:description\" content=\"Delft, die Stadt von Blau und Orange ist bunt und historisch. Die Mischung aus Einheimischen, Touristen und Studenten schafft eine gem\u00fctliche Atmosph\u00e4re. W\u00e4hrend eines Spaziergangs durch die gepflasterten Stra\u00dfen, Gassen Continue Reading &rarr;\" \/>\n<meta property=\"og:url\" content=\"https:\/\/www.dodelft.nl\/en\/\" \/>\n<meta property=\"og:site_name\" content=\"Delft entt\u00e4uscht nie!\" \/>\n<meta property=\"article:modified_time\" content=\"2022-10-18T08:08:21+00:00\" \/>\n<meta name=\"twitter:card\" content=\"summary_large_image\" \/>\n<meta name=\"twitter:label1\" content=\"Gesch\u00e4tzte Lesezeit\">\n\t<meta name=\"twitter:data1\" content=\"4\u00a0Minuten\">\n<script type=\"application\/ld+json\" class=\"yoast-schema-graph\">{\"@context\":\"https:\/\/schema.org\",\"@graph\":[{\"@type\":\"Organization\",\"@id\":\"https:\/\/www.dodelft.nl\/en\/#organization\",\"name\":\"Do Delft\",\"url\":\"https:\/\/www.dodelft.nl\/en\/\",\"sameAs\":[],\"logo\":{\"@type\":\"ImageObject\",\"@id\":\"https:\/\/www.dodelft.nl\/en\/#logo\",\"inLanguage\":\"de\",\"url\":\"https:\/\/www.dodelft.nl\/wp-content\/uploads\/cropped-Dodelft-logo-vk-1.png\",\"width\":819,\"height\":822,\"caption\":\"Do Delft\"},\"image\":{\"@id\":\"https:\/\/www.dodelft.nl\/en\/#logo\"}},{\"@type\":\"WebSite\",\"@id\":\"https:\/\/www.dodelft.nl\/en\/#website\",\"url\":\"https:\/\/www.dodelft.nl\/en\/\",\"name\":\"Delft entt\\u00e4uscht nie!\",\"description\":\"Do DELFT ist Ihr kompetenter und zuverl\\u00e4ssiger Partner, wenn es um Stadtrundg\\u00e4nge, Rollertouren und Firmenveranstaltungen geht.\",\"publisher\":{\"@id\":\"https:\/\/www.dodelft.nl\/en\/#organization\"},\"potentialAction\":[{\"@type\":\"SearchAction\",\"target\":\"https:\/\/www.dodelft.nl\/en\/?s={search_term_string}\",\"query-input\":\"required name=search_term_string\"}],\"inLanguage\":\"de\"},{\"@type\":\"WebPage\",\"@id\":\"https:\/\/www.dodelft.nl\/en\/#webpage\",\"url\":\"https:\/\/www.dodelft.nl\/en\/\",\"name\":\"Delft entt\\u00e4uscht nie! - Delft entt\\u00e4uscht nie!\",\"isPartOf\":{\"@id\":\"https:\/\/www.dodelft.nl\/en\/#website\"},\"datePublished\":\"2022-01-04T15:41:48+00:00\",\"dateModified\":\"2022-10-18T08:08:21+00:00\",\"breadcrumb\":{\"@id\":\"https:\/\/www.dodelft.nl\/en\/#breadcrumb\"},\"inLanguage\":\"de\",\"potentialAction\":[{\"@type\":\"ReadAction\",\"target\":[\"https:\/\/www.dodelft.nl\/en\/\"]}]},{\"@type\":\"BreadcrumbList\",\"@id\":\"https:\/\/www.dodelft.nl\/en\/#breadcrumb\",\"itemListElement\":[{\"@type\":\"ListItem\",\"position\":1,\"item\":{\"@type\":\"WebPage\",\"@id\":\"https:\/\/www.dodelft.nl\/en\/\",\"url\":\"https:\/\/www.dodelft.nl\/en\/\",\"name\":\"Home\"}},{\"@type\":\"ListItem\",\"position\":2,\"item\":{\"@type\":\"WebPage\",\"@id\":\"https:\/\/www.dodelft.nl\/en\/\",\"url\":\"https:\/\/www.dodelft.nl\/en\/\",\"name\":\"[:nl]Delft stelt nooit teleur![:en]Delft never disappoints![:de]Delft entt\\u00e4uscht nie![:es] Delft nunca decepciona![:]\"}}]}]}<\/script>\n<!-- \/ Yoast SEO plugin. -->","_links":{"self":[{"href":"https:\/\/www.dodelft.nl\/de\/wp-json\/wp\/v2\/pages\/1565"}],"collection":[{"href":"https:\/\/www.dodelft.nl\/de\/wp-json\/wp\/v2\/pages"}],"about":[{"href":"https:\/\/www.dodelft.nl\/de\/wp-json\/wp\/v2\/types\/page"}],"author":[{"embeddable":true,"href":"https:\/\/www.dodelft.nl\/de\/wp-json\/wp\/v2\/users\/1"}],"replies":[{"embeddable":true,"href":"https:\/\/www.dodelft.nl\/de\/wp-json\/wp\/v2\/comments?post=1565"}],"version-history":[{"count":11,"href":"https:\/\/www.dodelft.nl\/de\/wp-json\/wp\/v2\/pages\/1565\/revisions"}],"predecessor-version":[{"id":1987,"href":"https:\/\/www.dodelft.nl\/de\/wp-json\/wp\/v2\/pages\/1565\/revisions\/1987"}],"wp:attachment":[{"href":"https:\/\/www.dodelft.nl\/de\/wp-json\/wp\/v2\/media?parent=1565"}],"curies":[{"name":"wp","href":"https:\/\/api.w.org\/{rel}","templated":true}]}}