{"id":1565,"date":"2022-01-04T15:41:48","date_gmt":"2022-01-04T15:41:48","guid":{"rendered":"https:\/\/www.dodelft.nl\/?page_id=1565"},"modified":"2022-10-18T08:08:21","modified_gmt":"2022-10-18T08:08:21","slug":"delft-stelt-nooit-teleur","status":"publish","type":"page","link":"https:\/\/www.dodelft.nl\/es\/","title":{"rendered":"Delft nunca decepciona!"},"content":{"rendered":"<p>Delft, la ciudad de azul y naranja es colorido e hist\u00f3rico. La mezcla de habitantes, turistas y estudiantes crea un ambiente acogedor. Vagando por las calles empedradas, callejones y patios del casco antiguo, sentimos el artista Vermeer y el porcelana volver a vivir. En Delft se encuentra su historia en todas partes. Pero, \u00bfd\u00f3nde exactamente? Nuestros gu\u00edas de Do DELFT lo saben y quieren compartirlo con usted!<\/p>\n\n\n\n<p>Con Do DELFT vera el verdadero Delft, en la manera que desee. Llevamos a usted y su compa\u00f1\u00eda a lugares escondidos, vamos a presentarle a personas especiales y una gran historia. Vamos a sorprender a los reci\u00e9n llegados, pero tambi\u00e9n a los visitantes que piensan conocer la ciudad, con datos interesantes y una buena dosis de humor. Caminando, en bicicleta, en patinete o en barco. Haciendo rompecabezas, de forma cultural o de bar en bar.<\/p>\n\n\n\n<p>As\u00ed que si usted est\u00e1 buscando una actividad en equipo con sus compa\u00f1eros, una despedida de soltero en Delft, una salida familiar especial, una fiesta infantil o una actividad divertida con el club de estudiantes. <strong>Do DELFT organiza todo!<\/strong><\/p>","protected":false},"excerpt":{"rendered":"<p>Delft, la ciudad de azul y naranja es colorido e hist\u00f3rico. La mezcla de habitantes, turistas y estudiantes crea un ambiente acogedor. Vagando por las calles empedradas, callejones y patios <a class=\"more-link\" href=\"https:\/\/www.dodelft.nl\/es\/\">Continue Reading &rarr;<\/a><\/p>\n","protected":false},"author":1,"featured_media":0,"parent":0,"menu_order":0,"comment_status":"closed","ping_status":"closed","template":"","meta":[],"yoast_head":"<!-- This site is optimized with the Yoast SEO plugin v16.0.2 - https:\/\/yoast.com\/wordpress\/plugins\/seo\/ -->\n<title>Delft nunca decepciona! - \u00a1Delft nunca decepciona!<\/title>\n<link rel=\"canonical\" href=\"https:\/\/www.dodelft.nl\/en\/\" \/>\n<meta property=\"og:locale\" content=\"es_ES\" \/>\n<meta property=\"og:type\" content=\"article\" \/>\n<meta property=\"og:title\" content=\"Delft nunca decepciona! - \u00a1Delft nunca decepciona!\" \/>\n<meta property=\"og:description\" content=\"Delft, la ciudad de azul y naranja es colorido e hist\u00f3rico. La mezcla de habitantes, turistas y estudiantes crea un ambiente acogedor. Vagando por las calles empedradas, callejones y patios Continue Reading &rarr;\" \/>\n<meta property=\"og:url\" content=\"https:\/\/www.dodelft.nl\/en\/\" \/>\n<meta property=\"og:site_name\" content=\"\u00a1Delft nunca decepciona!\" \/>\n<meta property=\"article:modified_time\" content=\"2022-10-18T08:08:21+00:00\" \/>\n<meta name=\"twitter:card\" content=\"summary_large_image\" \/>\n<meta name=\"twitter:label1\" content=\"Tiempo de lectura\">\n\t<meta name=\"twitter:data1\" content=\"4 minutos\">\n<script type=\"application\/ld+json\" class=\"yoast-schema-graph\">{\"@context\":\"https:\/\/schema.org\",\"@graph\":[{\"@type\":\"Organization\",\"@id\":\"https:\/\/www.dodelft.nl\/en\/#organization\",\"name\":\"Do Delft\",\"url\":\"https:\/\/www.dodelft.nl\/en\/\",\"sameAs\":[],\"logo\":{\"@type\":\"ImageObject\",\"@id\":\"https:\/\/www.dodelft.nl\/en\/#logo\",\"inLanguage\":\"es\",\"url\":\"https:\/\/www.dodelft.nl\/wp-content\/uploads\/cropped-Dodelft-logo-vk-1.png\",\"width\":819,\"height\":822,\"caption\":\"Do Delft\"},\"image\":{\"@id\":\"https:\/\/www.dodelft.nl\/en\/#logo\"}},{\"@type\":\"WebSite\",\"@id\":\"https:\/\/www.dodelft.nl\/en\/#website\",\"url\":\"https:\/\/www.dodelft.nl\/en\/\",\"name\":\"\\u00a1Delft nunca decepciona!\",\"description\":\"Do DELFT es su socio experto y confiable cuando se trata de paseos por la ciudad, recorridos en patinete y eventos corporativos.\",\"publisher\":{\"@id\":\"https:\/\/www.dodelft.nl\/en\/#organization\"},\"potentialAction\":[{\"@type\":\"SearchAction\",\"target\":\"https:\/\/www.dodelft.nl\/en\/?s={search_term_string}\",\"query-input\":\"required name=search_term_string\"}],\"inLanguage\":\"es\"},{\"@type\":\"WebPage\",\"@id\":\"https:\/\/www.dodelft.nl\/en\/#webpage\",\"url\":\"https:\/\/www.dodelft.nl\/en\/\",\"name\":\"Delft nunca decepciona! - \\u00a1Delft nunca decepciona!\",\"isPartOf\":{\"@id\":\"https:\/\/www.dodelft.nl\/en\/#website\"},\"datePublished\":\"2022-01-04T15:41:48+00:00\",\"dateModified\":\"2022-10-18T08:08:21+00:00\",\"breadcrumb\":{\"@id\":\"https:\/\/www.dodelft.nl\/en\/#breadcrumb\"},\"inLanguage\":\"es\",\"potentialAction\":[{\"@type\":\"ReadAction\",\"target\":[\"https:\/\/www.dodelft.nl\/en\/\"]}]},{\"@type\":\"BreadcrumbList\",\"@id\":\"https:\/\/www.dodelft.nl\/en\/#breadcrumb\",\"itemListElement\":[{\"@type\":\"ListItem\",\"position\":1,\"item\":{\"@type\":\"WebPage\",\"@id\":\"https:\/\/www.dodelft.nl\/en\/\",\"url\":\"https:\/\/www.dodelft.nl\/en\/\",\"name\":\"Home\"}},{\"@type\":\"ListItem\",\"position\":2,\"item\":{\"@type\":\"WebPage\",\"@id\":\"https:\/\/www.dodelft.nl\/en\/\",\"url\":\"https:\/\/www.dodelft.nl\/en\/\",\"name\":\"[:nl]Delft stelt nooit teleur![:en]Delft never disappoints![:de]Delft entt\\u00e4uscht nie![:es] Delft nunca decepciona![:]\"}}]}]}<\/script>\n<!-- \/ Yoast SEO plugin. -->","_links":{"self":[{"href":"https:\/\/www.dodelft.nl\/es\/wp-json\/wp\/v2\/pages\/1565"}],"collection":[{"href":"https:\/\/www.dodelft.nl\/es\/wp-json\/wp\/v2\/pages"}],"about":[{"href":"https:\/\/www.dodelft.nl\/es\/wp-json\/wp\/v2\/types\/page"}],"author":[{"embeddable":true,"href":"https:\/\/www.dodelft.nl\/es\/wp-json\/wp\/v2\/users\/1"}],"replies":[{"embeddable":true,"href":"https:\/\/www.dodelft.nl\/es\/wp-json\/wp\/v2\/comments?post=1565"}],"version-history":[{"count":11,"href":"https:\/\/www.dodelft.nl\/es\/wp-json\/wp\/v2\/pages\/1565\/revisions"}],"predecessor-version":[{"id":1987,"href":"https:\/\/www.dodelft.nl\/es\/wp-json\/wp\/v2\/pages\/1565\/revisions\/1987"}],"wp:attachment":[{"href":"https:\/\/www.dodelft.nl\/es\/wp-json\/wp\/v2\/media?parent=1565"}],"curies":[{"name":"wp","href":"https:\/\/api.w.org\/{rel}","templated":true}]}}